{"id":14994,"date":"2021-01-27T18:01:45","date_gmt":"2021-01-27T17:01:45","guid":{"rendered":"https:\/\/onagolfacademie.fr\/?page_id=14994"},"modified":"2024-08-26T23:37:02","modified_gmt":"2024-08-26T21:37:02","slug":"philosophie","status":"publish","type":"page","link":"https:\/\/onagolfacademie.fr\/index.php\/philosophie\/","title":{"rendered":"Philosophie"},"content":{"rendered":"<p>[vc_row thsn-text-color=&#8221;white&#8221; thsn-bg-color=&#8221;globalcolor&#8221; thsn-bg-image-position=&#8221;left-center&#8221; thsn-bg-image-color-order=&#8221;image-over-color&#8221; full_width=&#8221;stretch_row&#8221; full_height=&#8221;yes&#8221; css=&#8221;.vc_custom_1612545725885{padding-top: 50px !important;background-position: center !important;background-repeat: no-repeat !important;background-size: cover !important;}&#8221;][vc_column css=&#8221;.vc_custom_1611766396325{margin-top: -50px !important;}&#8221;][\/vc_column][vc_column thsn-text-color=&#8221;blackish&#8221; thsn-bg-color=&#8221;white&#8221;][vc_row_inner thsn-bg-image-position=&#8221;right-bottom&#8221; equal_height=&#8221;yes&#8221; content_placement=&#8221;middle&#8221;][vc_column_inner thsn-bg-image-position=&#8221;right-bottom&#8221; width=&#8221;1\/2&#8243;][vc_column_text]<\/p>\n<p style=\"color: #134a56;\"><span style=\"font-weight: 400;\">Comment apprendre \u00e0 jouer au golf si on ne va pas sur le parcours ?<br \/>\nComment utiliser les zones d&#8217;entra\u00eenement pour \u00eatre efficace sur le parcours ? <\/span><\/p>\n<p style=\"color: #134a56;\"><span style=\"font-weight: 400;\">Les zones d\u2019entra\u00eenement sont utiles pour am\u00e9liorer la qualit\u00e9 de ses trajectoires. Cependant, elles ne sont pas suffisantes pour appr\u00e9hender l\u2019ensemble des contraintes du terrain. Par cons\u00e9quent, il est indispensable d\u2019accompagner l\u2019\u00e9l\u00e8ve sur le parcours.<br \/>\nIl est important de faire un va-et-vient r\u00e9gulier entre le parcours et le practice.<br \/>\nEn effet, il ne suffit pas d&#8217;avoir un swing efficace au practice quand la balle est toujours bien plac\u00e9e. Le joueur doit s&#8217;adapter \u00e0 la richesse des situations de jeu du parcours, tout en apprenant \u00e0 cr\u00e9er un lien avec sa cible. <\/span><\/p>\n<p style=\"color: #134a56;\"><span style=\"font-weight: 400;\">Il y a donc une intelligence de jeu \u00e0 d\u00e9velopper en cr\u00e9ant une relation entre la cible, la balle et le joueur. L&#8217;\u00e9l\u00e8ve, l&#8217;abonn\u00e9 ou le membre Ona Golf apprend \u00e0 manier son club dans la zone d&#8217;impact en relation avec une cible pour produire la meilleure trajectoire possible, et ce, de fa\u00e7on la plus r\u00e9guli\u00e8re possible.<\/span><br \/>\n<span style=\"font-weight: 400;\">L\u2019enseignant d\u2019Ona Golf a trois objectifs pour l\u2019\u00e9l\u00e8ve :<br \/>\n&#8211; Faire comprendre comment fonctionne le club \u00e0 l&#8217;impact<br \/>\n&#8211; Sentir ses mouvements<br \/>\n&#8211; L&#8217;aider \u00e0 reproduire le bon geste sur le parcours<br \/>\n<\/span>Chaque joueur est unique et son geste lui est propre. Cela veut dire qu\u2019il est inutile de copier le geste acad\u00e9mique.<br \/>\nL\u2019enseignant part des capacit\u00e9s de l&#8217;\u00e9l\u00e8ve pour construire et am\u00e9liorer son propre geste.<br \/>\nIl est aussi responsable de son jeu. Il est acteur de sa propre r\u00e9ussite et son enseignant d\u2019Ona Golf est l\u00e0 pour le guider vers le bon chemin.<\/p>\n<p style=\"color: #134a56;\">Enfin, Ona Golf porte une attention particuli\u00e8re \u00e0 la convivialit\u00e9 et propose des moments animations r\u00e9guli\u00e8res.<\/p>\n<p style=\"color: #134a56;\">L&#8217;\u00e9quipe ONA Golf<\/p>\n<p style=\"color: #134a56;\"><span style=\"font-weight: 400;\">\u00a0<\/span><\/p>\n<p>[\/vc_column_text][vc_column_text css=&#8221;.vc_custom_1613631248092{background-position: 0 0 !important;background-repeat: no-repeat !important;}&#8221;][\/vc_column_text][\/vc_column_inner][vc_column_inner thsn-bg-image-position=&#8221;left-center&#8221; width=&#8221;1\/2&#8243;][vc_empty_space][vc_single_image image=&#8221;15134&#8243; img_size=&#8221;medium&#8221; alignment=&#8221;center&#8221;][vc_empty_space][vc_single_image image=&#8221;15111&#8243; img_size=&#8221;medium&#8221; alignment=&#8221;center&#8221;][vc_column_text][\/vc_column_text][\/vc_column_inner][\/vc_row_inner][\/vc_column][vc_column][vc_row_inner][vc_column_inner][vc_icon icon_fontawesome=&#8221;fas fa-golf-ball&#8221; color=&#8221;white&#8221; align=&#8221;center&#8221;][vc_column_text]<\/p>\n<p style=\"text-align: center;\"><a href=\"https:\/\/www.ffgolf.org\/\">FFGolf<\/a> &#8211; <a href=\"https:\/\/www.ligue-golf-nouvelle-aquitaine.fr\/\">Ligue de golf Nouvelle-Aquitaine <\/a><\/p>\n<p>[\/vc_column_text][\/vc_column_inner][\/vc_row_inner][\/vc_column][\/vc_row]<\/p>\n","protected":false},"excerpt":{"rendered":"<p>[vc_row thsn-text-color=&#8221;white&#8221; thsn-bg-color=&#8221;globalcolor&#8221; thsn-bg-image-position=&#8221;left-center&#8221; thsn-bg-image-color-order=&#8221;image-over-color&#8221; full_width=&#8221;stretch_row&#8221; full_height=&#8221;yes&#8221; css=&#8221;.vc_custom_1612545725885{padding-top: 50px !important;background-position: center !important;background-repeat: no-repeat !important;background-size: cover !important;}&#8221;][vc_column css=&#8221;.vc_custom_1611766396325{margin-top: -50px !important;}&#8221;][\/vc_column][vc_column thsn-text-color=&#8221;blackish&#8221; thsn-bg-color=&#8221;white&#8221;][vc_row_inner thsn-bg-image-position=&#8221;right-bottom&#8221; equal_height=&#8221;yes&#8221; content_placement=&#8221;middle&#8221;][vc_column_inner thsn-bg-image-position=&#8221;right-bottom&#8221; width=&#8221;1\/2&#8243;][vc_column_text] Comment apprendre \u00e0 jouer au golf si on ne va pas sur le parcours ? Comment utiliser les zones d&#8217;entra\u00eenement pour \u00eatre efficace sur le parcours ? Les zones [&hellip;]<\/p>\n","protected":false},"author":2,"featured_media":0,"parent":0,"menu_order":1,"comment_status":"closed","ping_status":"closed","template":"","meta":{"footnotes":""},"class_list":["post-14994","page","type-page","status-publish","hentry"],"yoast_head":"<!-- This site is optimized with the Yoast SEO plugin v15.8 - https:\/\/yoast.com\/wordpress\/plugins\/seo\/ -->\n<title>Philosophie - Ona Golf Acad\u00e9mie<\/title>\n<meta name=\"robots\" content=\"index, follow, max-snippet:-1, max-image-preview:large, max-video-preview:-1\" \/>\n<link rel=\"canonical\" href=\"https:\/\/onagolfacademie.fr\/index.php\/philosophie\/\" \/>\n<meta property=\"og:locale\" content=\"fr_FR\" \/>\n<meta property=\"og:type\" content=\"article\" \/>\n<meta property=\"og:title\" content=\"Philosophie - Ona Golf Acad\u00e9mie\" \/>\n<meta property=\"og:description\" content=\"[vc_row thsn-text-color=&#8221;white&#8221; thsn-bg-color=&#8221;globalcolor&#8221; thsn-bg-image-position=&#8221;left-center&#8221; thsn-bg-image-color-order=&#8221;image-over-color&#8221; full_width=&#8221;stretch_row&#8221; full_height=&#8221;yes&#8221; css=&#8221;.vc_custom_1612545725885{padding-top: 50px !important;background-position: center !important;background-repeat: no-repeat !important;background-size: cover !important;}&#8221;][vc_column css=&#8221;.vc_custom_1611766396325{margin-top: -50px !important;}&#8221;][\/vc_column][vc_column thsn-text-color=&#8221;blackish&#8221; thsn-bg-color=&#8221;white&#8221;][vc_row_inner thsn-bg-image-position=&#8221;right-bottom&#8221; equal_height=&#8221;yes&#8221; content_placement=&#8221;middle&#8221;][vc_column_inner thsn-bg-image-position=&#8221;right-bottom&#8221; width=&#8221;1\/2&#8243;][vc_column_text] Comment apprendre \u00e0 jouer au golf si on ne va pas sur le parcours ? Comment utiliser les zones d&#8217;entra\u00eenement pour \u00eatre efficace sur le parcours ? Les zones [&hellip;]\" \/>\n<meta property=\"og:url\" content=\"https:\/\/onagolfacademie.fr\/index.php\/philosophie\/\" \/>\n<meta property=\"og:site_name\" content=\"Ona Golf Acad\u00e9mie\" \/>\n<meta property=\"article:publisher\" content=\"https:\/\/www.facebook.com\/profile.php?id=61561375646363\" \/>\n<meta property=\"article:modified_time\" content=\"2024-08-26T21:37:02+00:00\" \/>\n<meta name=\"twitter:card\" content=\"summary_large_image\" \/>\n<meta name=\"twitter:label1\" content=\"Dur\u00e9e de lecture est.\">\n\t<meta name=\"twitter:data1\" content=\"2 minutes\">\n<script type=\"application\/ld+json\" class=\"yoast-schema-graph\">{\"@context\":\"https:\/\/schema.org\",\"@graph\":[{\"@type\":\"WebSite\",\"@id\":\"https:\/\/onagolfacademie.fr\/#website\",\"url\":\"https:\/\/onagolfacademie.fr\/\",\"name\":\"Ona Golf Acad\\u00e9mie\",\"description\":\"Au service des golfeurs\",\"potentialAction\":[{\"@type\":\"SearchAction\",\"target\":\"https:\/\/onagolfacademie.fr\/?s={search_term_string}\",\"query-input\":\"required name=search_term_string\"}],\"inLanguage\":\"fr-FR\"},{\"@type\":\"WebPage\",\"@id\":\"https:\/\/onagolfacademie.fr\/index.php\/philosophie\/#webpage\",\"url\":\"https:\/\/onagolfacademie.fr\/index.php\/philosophie\/\",\"name\":\"Philosophie - Ona Golf Acad\\u00e9mie\",\"isPartOf\":{\"@id\":\"https:\/\/onagolfacademie.fr\/#website\"},\"datePublished\":\"2021-01-27T17:01:45+00:00\",\"dateModified\":\"2024-08-26T21:37:02+00:00\",\"breadcrumb\":{\"@id\":\"https:\/\/onagolfacademie.fr\/index.php\/philosophie\/#breadcrumb\"},\"inLanguage\":\"fr-FR\",\"potentialAction\":[{\"@type\":\"ReadAction\",\"target\":[\"https:\/\/onagolfacademie.fr\/index.php\/philosophie\/\"]}]},{\"@type\":\"BreadcrumbList\",\"@id\":\"https:\/\/onagolfacademie.fr\/index.php\/philosophie\/#breadcrumb\",\"itemListElement\":[{\"@type\":\"ListItem\",\"position\":1,\"item\":{\"@type\":\"WebPage\",\"@id\":\"https:\/\/onagolfacademie.fr\/\",\"url\":\"https:\/\/onagolfacademie.fr\/\",\"name\":\"Accueil\"}},{\"@type\":\"ListItem\",\"position\":2,\"item\":{\"@type\":\"WebPage\",\"@id\":\"https:\/\/onagolfacademie.fr\/index.php\/philosophie\/\",\"url\":\"https:\/\/onagolfacademie.fr\/index.php\/philosophie\/\",\"name\":\"Philosophie\"}}]}]}<\/script>\n<!-- \/ Yoast SEO plugin. -->","_links":{"self":[{"href":"https:\/\/onagolfacademie.fr\/index.php\/wp-json\/wp\/v2\/pages\/14994","targetHints":{"allow":["GET"]}}],"collection":[{"href":"https:\/\/onagolfacademie.fr\/index.php\/wp-json\/wp\/v2\/pages"}],"about":[{"href":"https:\/\/onagolfacademie.fr\/index.php\/wp-json\/wp\/v2\/types\/page"}],"author":[{"embeddable":true,"href":"https:\/\/onagolfacademie.fr\/index.php\/wp-json\/wp\/v2\/users\/2"}],"replies":[{"embeddable":true,"href":"https:\/\/onagolfacademie.fr\/index.php\/wp-json\/wp\/v2\/comments?post=14994"}],"version-history":[{"count":23,"href":"https:\/\/onagolfacademie.fr\/index.php\/wp-json\/wp\/v2\/pages\/14994\/revisions"}],"predecessor-version":[{"id":16017,"href":"https:\/\/onagolfacademie.fr\/index.php\/wp-json\/wp\/v2\/pages\/14994\/revisions\/16017"}],"wp:attachment":[{"href":"https:\/\/onagolfacademie.fr\/index.php\/wp-json\/wp\/v2\/media?parent=14994"}],"curies":[{"name":"wp","href":"https:\/\/api.w.org\/{rel}","templated":true}]}}