{"id":15192,"date":"2021-02-08T19:04:23","date_gmt":"2021-02-08T18:04:23","guid":{"rendered":"https:\/\/onagolfacademie.fr\/?page_id=15192"},"modified":"2024-11-20T16:30:44","modified_gmt":"2024-11-20T15:30:44","slug":"le-pro","status":"publish","type":"page","link":"https:\/\/onagolfacademie.fr\/index.php\/le-pro\/","title":{"rendered":"Le Pro"},"content":{"rendered":"<p>[vc_row][vc_column css=&#8221;.vc_custom_1612806911638{margin-top: 50px !important;}&#8221;][vc_separator color=&#8221;custom&#8221; border_width=&#8221;3&#8243; accent_color=&#8221;#d5b665&#8243;][\/vc_column][\/vc_row][vc_row thsn-bg-color=&#8221;globalcolor&#8221; full_width=&#8221;stretch_row_content&#8221;][vc_column][vc_row_inner equal_height=&#8221;yes&#8221; content_placement=&#8221;middle&#8221;][vc_column_inner thsn-bg-image-position=&#8221;left-center&#8221; width=&#8221;1\/2&#8243;][vc_single_image image=&#8221;15201&#8243; img_size=&#8221;full&#8221; alignment=&#8221;center&#8221;][\/vc_column_inner][vc_column_inner width=&#8221;1\/2&#8243;][vc_column_text]Marc AMSELLEM est l&#8217;enseignant de l&#8217;Acad\u00e9mie.<\/p>\n<p>Professionnel depuis 1991<br \/>\nMembre de la PGA France<br \/>\nEntra\u00eeneur d\u00e9partemental de Gironde et membre de l\u2019\u00c9quipe Technique R\u00e9gionale de la Nouvelle-Aquitaine jusqu&#8217;en 2020.<br \/>\nPro du golf Bordelais de 2011 \u00e0 2020<br \/>\nPro des golfs de Metz la Grange aux Ormes, Metz Technopole et sur le golf des Images d\u2019Epinal<br \/>\nEntra\u00eeneur r\u00e9gional de la Ligue de l\u2019Est de 2009 \u00e0 2011.<\/p>\n<p>Marc est un grand passionn\u00e9 du golf. Patient, exigeant et tr\u00e8s bon p\u00e9dagogue, il est \u00e0 l&#8217;\u00e9coute de ses \u00e9l\u00e8ves et sait leur proposer un enseignement adapt\u00e9.<br \/>\nLa devise &#8220;Expert en toute simplicit\u00e9&#8221; pourrait le caract\u00e9riser.<\/p>\n<p>Le Domaine golf de Saint Lazare, aux portes de la ville de Limoges, poss\u00e8de une structure d&#8217;entra\u00eenement d&#8217;une grande qualit\u00e9 pour pouvoir travailler l&#8217;ensemble des secteurs de jeu en toute tranquillit\u00e9.[\/vc_column_text][\/vc_column_inner][\/vc_row_inner][vc_row_inner][vc_column_inner][vc_icon icon_fontawesome=&#8221;fas fa-golf-ball&#8221; color=&#8221;white&#8221; align=&#8221;center&#8221;][vc_column_text]<\/p>\n<p style=\"text-align: center;\"><span style=\"color: #000000;\"><a href=\"https:\/\/ledomainedugolf.fr\/\"><span style=\"color: #000000;\"><span style=\"color: #ffffff;\">Domaine golf de Saint Lazare<\/span><\/span><\/a><span style=\"color: #ffffff;\"> &#8211;<\/span><\/span><span style=\"color: #ffffff;\"><a style=\"color: #ffffff;\" href=\"https:\/\/www.cdgolf86.fr\/\">\u00a0 <\/a><a style=\"color: #ffffff;\" href=\"https:\/\/www.ligue-golf-nouvelle-aquitaine.fr\/\">Ligue golf NA<\/a> &#8211; <a style=\"color: #ffffff;\" href=\"https:\/\/www.ffgolf.org\/\">FFGolf<\/a><\/span><\/p>\n<p>[\/vc_column_text][\/vc_column_inner][\/vc_row_inner][\/vc_column][\/vc_row][vc_row][vc_column][vc_column_text][\/vc_column_text][\/vc_column][\/vc_row]<\/p>\n","protected":false},"excerpt":{"rendered":"<p>[vc_row][vc_column css=&#8221;.vc_custom_1612806911638{margin-top: 50px !important;}&#8221;][vc_separator color=&#8221;custom&#8221; border_width=&#8221;3&#8243; accent_color=&#8221;#d5b665&#8243;][\/vc_column][\/vc_row][vc_row thsn-bg-color=&#8221;globalcolor&#8221; full_width=&#8221;stretch_row_content&#8221;][vc_column][vc_row_inner equal_height=&#8221;yes&#8221; content_placement=&#8221;middle&#8221;][vc_column_inner thsn-bg-image-position=&#8221;left-center&#8221; width=&#8221;1\/2&#8243;][vc_single_image image=&#8221;15201&#8243; img_size=&#8221;full&#8221; alignment=&#8221;center&#8221;][\/vc_column_inner][vc_column_inner width=&#8221;1\/2&#8243;][vc_column_text]Marc AMSELLEM est l&#8217;enseignant de l&#8217;Acad\u00e9mie. Professionnel depuis 1991 Membre de la PGA France Entra\u00eeneur d\u00e9partemental de Gironde et membre de l\u2019\u00c9quipe Technique R\u00e9gionale de la Nouvelle-Aquitaine jusqu&#8217;en 2020. Pro du golf Bordelais de 2011 \u00e0 2020 Pro des [&hellip;]<\/p>\n","protected":false},"author":2,"featured_media":0,"parent":0,"menu_order":1,"comment_status":"closed","ping_status":"closed","template":"","meta":{"footnotes":""},"class_list":["post-15192","page","type-page","status-publish","hentry"],"yoast_head":"<!-- This site is optimized with the Yoast SEO plugin v15.8 - https:\/\/yoast.com\/wordpress\/plugins\/seo\/ -->\n<title>Le Pro - Ona Golf Acad\u00e9mie<\/title>\n<meta name=\"robots\" content=\"index, follow, max-snippet:-1, max-image-preview:large, max-video-preview:-1\" \/>\n<link rel=\"canonical\" href=\"https:\/\/onagolfacademie.fr\/index.php\/le-pro\/\" \/>\n<meta property=\"og:locale\" content=\"fr_FR\" \/>\n<meta property=\"og:type\" content=\"article\" \/>\n<meta property=\"og:title\" content=\"Le Pro - Ona Golf Acad\u00e9mie\" \/>\n<meta property=\"og:description\" content=\"[vc_row][vc_column css=&#8221;.vc_custom_1612806911638{margin-top: 50px !important;}&#8221;][vc_separator color=&#8221;custom&#8221; border_width=&#8221;3&#8243; accent_color=&#8221;#d5b665&#8243;][\/vc_column][\/vc_row][vc_row thsn-bg-color=&#8221;globalcolor&#8221; full_width=&#8221;stretch_row_content&#8221;][vc_column][vc_row_inner equal_height=&#8221;yes&#8221; content_placement=&#8221;middle&#8221;][vc_column_inner thsn-bg-image-position=&#8221;left-center&#8221; width=&#8221;1\/2&#8243;][vc_single_image image=&#8221;15201&#8243; img_size=&#8221;full&#8221; alignment=&#8221;center&#8221;][\/vc_column_inner][vc_column_inner width=&#8221;1\/2&#8243;][vc_column_text]Marc AMSELLEM est l&#8217;enseignant de l&#8217;Acad\u00e9mie. Professionnel depuis 1991 Membre de la PGA France Entra\u00eeneur d\u00e9partemental de Gironde et membre de l\u2019\u00c9quipe Technique R\u00e9gionale de la Nouvelle-Aquitaine jusqu&#8217;en 2020. Pro du golf Bordelais de 2011 \u00e0 2020 Pro des [&hellip;]\" \/>\n<meta property=\"og:url\" content=\"https:\/\/onagolfacademie.fr\/index.php\/le-pro\/\" \/>\n<meta property=\"og:site_name\" content=\"Ona Golf Acad\u00e9mie\" \/>\n<meta property=\"article:publisher\" content=\"https:\/\/www.facebook.com\/profile.php?id=61561375646363\" \/>\n<meta property=\"article:modified_time\" content=\"2024-11-20T15:30:44+00:00\" \/>\n<meta name=\"twitter:card\" content=\"summary_large_image\" \/>\n<meta name=\"twitter:label1\" content=\"Dur\u00e9e de lecture est.\">\n\t<meta name=\"twitter:data1\" content=\"1 minute\">\n<script type=\"application\/ld+json\" class=\"yoast-schema-graph\">{\"@context\":\"https:\/\/schema.org\",\"@graph\":[{\"@type\":\"WebSite\",\"@id\":\"https:\/\/onagolfacademie.fr\/#website\",\"url\":\"https:\/\/onagolfacademie.fr\/\",\"name\":\"Ona Golf Acad\\u00e9mie\",\"description\":\"Au service des golfeurs\",\"potentialAction\":[{\"@type\":\"SearchAction\",\"target\":\"https:\/\/onagolfacademie.fr\/?s={search_term_string}\",\"query-input\":\"required name=search_term_string\"}],\"inLanguage\":\"fr-FR\"},{\"@type\":\"WebPage\",\"@id\":\"https:\/\/onagolfacademie.fr\/index.php\/le-pro\/#webpage\",\"url\":\"https:\/\/onagolfacademie.fr\/index.php\/le-pro\/\",\"name\":\"Le Pro - Ona Golf Acad\\u00e9mie\",\"isPartOf\":{\"@id\":\"https:\/\/onagolfacademie.fr\/#website\"},\"datePublished\":\"2021-02-08T18:04:23+00:00\",\"dateModified\":\"2024-11-20T15:30:44+00:00\",\"breadcrumb\":{\"@id\":\"https:\/\/onagolfacademie.fr\/index.php\/le-pro\/#breadcrumb\"},\"inLanguage\":\"fr-FR\",\"potentialAction\":[{\"@type\":\"ReadAction\",\"target\":[\"https:\/\/onagolfacademie.fr\/index.php\/le-pro\/\"]}]},{\"@type\":\"BreadcrumbList\",\"@id\":\"https:\/\/onagolfacademie.fr\/index.php\/le-pro\/#breadcrumb\",\"itemListElement\":[{\"@type\":\"ListItem\",\"position\":1,\"item\":{\"@type\":\"WebPage\",\"@id\":\"https:\/\/onagolfacademie.fr\/\",\"url\":\"https:\/\/onagolfacademie.fr\/\",\"name\":\"Accueil\"}},{\"@type\":\"ListItem\",\"position\":2,\"item\":{\"@type\":\"WebPage\",\"@id\":\"https:\/\/onagolfacademie.fr\/index.php\/le-pro\/\",\"url\":\"https:\/\/onagolfacademie.fr\/index.php\/le-pro\/\",\"name\":\"Le Pro\"}}]}]}<\/script>\n<!-- \/ Yoast SEO plugin. -->","_links":{"self":[{"href":"https:\/\/onagolfacademie.fr\/index.php\/wp-json\/wp\/v2\/pages\/15192","targetHints":{"allow":["GET"]}}],"collection":[{"href":"https:\/\/onagolfacademie.fr\/index.php\/wp-json\/wp\/v2\/pages"}],"about":[{"href":"https:\/\/onagolfacademie.fr\/index.php\/wp-json\/wp\/v2\/types\/page"}],"author":[{"embeddable":true,"href":"https:\/\/onagolfacademie.fr\/index.php\/wp-json\/wp\/v2\/users\/2"}],"replies":[{"embeddable":true,"href":"https:\/\/onagolfacademie.fr\/index.php\/wp-json\/wp\/v2\/comments?post=15192"}],"version-history":[{"count":26,"href":"https:\/\/onagolfacademie.fr\/index.php\/wp-json\/wp\/v2\/pages\/15192\/revisions"}],"predecessor-version":[{"id":16062,"href":"https:\/\/onagolfacademie.fr\/index.php\/wp-json\/wp\/v2\/pages\/15192\/revisions\/16062"}],"wp:attachment":[{"href":"https:\/\/onagolfacademie.fr\/index.php\/wp-json\/wp\/v2\/media?parent=15192"}],"curies":[{"name":"wp","href":"https:\/\/api.w.org\/{rel}","templated":true}]}}