{"id":15225,"date":"2021-02-10T18:23:13","date_gmt":"2021-02-10T17:23:13","guid":{"rendered":"https:\/\/onagolfacademie.fr\/?page_id=15225"},"modified":"2025-06-26T18:44:57","modified_gmt":"2025-06-26T16:44:57","slug":"cours-collectifs","status":"publish","type":"page","link":"https:\/\/onagolfacademie.fr\/index.php\/cours-collectifs\/","title":{"rendered":"Cours collectifs"},"content":{"rendered":"<p>[vc_row full_width=&#8221;stretch_row_content&#8221;][vc_column thsn-bg-color=&#8221;globalcolor&#8221;][vc_separator color=&#8221;custom&#8221; accent_color=&#8221;#d5b665&#8243;][vc_row_inner thsn-bg-image-position=&#8221;left-center&#8221; equal_height=&#8221;yes&#8221; content_placement=&#8221;middle&#8221;][vc_column_inner thsn-bg-image-position=&#8221;left-bottom&#8221; width=&#8221;1\/2&#8243;][vc_column_text]<\/p>\n<p style=\"text-align: center;\">Les cours collectifs permettent de travailler diff\u00e9rents secteurs de jeu et d&#8217;aller parfois sur le parcours pour des mises en situation.<\/p>\n<p style=\"text-align: left;\">&#8211; Dur\u00e9e 1h00<br \/>\n&#8211; Balles de practice incluses<\/p>\n<p style=\"text-align: left;\"><strong>Cours DUO<\/strong> : 35\u20ac par personne ou un package valable 1 an de 12 s\u00e9ances \u00e0 30 \u20ac par personne.<br \/>\n<strong>Cours collectif 3 \u00e0 6 personnes<\/strong> : 20 \u20ac par personne.<\/p>\n<p style=\"text-align: left;\">Vous pouvez soit prendre un cours de temps en temps pour revoir ou travailler un \u00e9l\u00e9ment particulier, soit devenir membre Ona Golf sur 10 mois \u00e0 20 \u20ac par mois avec un cours par mois ou bien la formule membre Ona Golf sur 10 mois \u00e0 79\u20ac par mois avec un cours collectif par semaine (hors vacances scolaires). Ce qui vous assure un entra\u00eenement r\u00e9gulier.<\/p>\n<p>Il y a \u00e9galement une formule pour tout joueur ou joueuse qui d\u00e9bute et qui souhaite obtenir la carte verte et pourquoi pas un tout premier classement : l\u2019\u00c9cole de golf adulte \u00e0 79 \u20ac par mois avec un cours par semaine (hors vacances scolaires), la possibilit\u00e9 d&#8217;aller sur le parcours une fois par semaine (sous condition de carte verte), des animations conviviales et le pr\u00eat de mat\u00e9riel et les balles de practice incluses.[\/vc_column_text][\/vc_column_inner][vc_column_inner width=&#8221;1\/2&#8243;][vc_single_image image=&#8221;16002&#8243; img_size=&#8221;full&#8221;][\/vc_column_inner][\/vc_row_inner][vc_btn title=&#8221;Membres Ona Golf&#8221; color=&#8221;white&#8221; align=&#8221;left&#8221; link=&#8221;url:https%3A%2F%2Fonagolfacademie.fr%2Findex.php%2Fperfectionner%2F|title:PERFECTIONNER&#8221;][\/vc_column][\/vc_row][vc_row thsn-text-color=&#8221;blackish&#8221; thsn-bg-color=&#8221;white&#8221; thsn-bg-image-position=&#8221;right-top&#8221; thsn-extended-column=&#8221;first&#8221; full_width=&#8221;stretch_row&#8221; gap=&#8221;35&#8243; equal_height=&#8221;yes&#8221; content_placement=&#8221;middle&#8221; css=&#8221;.vc_custom_1612977598904{padding-top: 0px !important;padding-bottom: 0px !important;background-image: url(https:\/\/onagolfacademie.fr\/wp-content\/uploads\/2021\/02\/IMG_4782-scaled.jpg?id=15227) !important;background-position: center !important;background-repeat: no-repeat !important;background-size: cover !important;}&#8221;][vc_column thsn-bg-image-color-order=&#8221;image-over-color&#8221; thsn-extended-column=&#8221;left&#8221; css=&#8221;.vc_custom_1611857248261{background-position: center !important;background-repeat: no-repeat !important;background-size: cover !important;}&#8221;][vc_row_inner thsn-bg-image-color-order=&#8221;image-over-color&#8221; equal_height=&#8221;yes&#8221; gap=&#8221;30&#8243; css=&#8221;.vc_custom_1612806038857{background-position: center !important;background-repeat: no-repeat !important;background-size: cover !important;}&#8221;][vc_column_inner width=&#8221;1\/4&#8243; css=&#8221;.vc_custom_1612977695280{border-radius: 30px !important;}&#8221;][\/vc_column_inner][vc_column_inner width=&#8221;1\/2&#8243; css=&#8221;.vc_custom_1612977738167{border-top-width: 5px !important;border-right-width: 5px !important;border-bottom-width: 5px !important;border-left-width: 5px !important;border-left-color: #000000 !important;border-left-style: solid !important;border-right-color: #000000 !important;border-right-style: solid !important;border-top-color: #000000 !important;border-top-style: solid !important;border-bottom-color: #000000 !important;border-bottom-style: solid !important;border-radius: 20px !important;}&#8221;][vc_column_text]<strong><span style=\"color: #000000;\">Pour r\u00e9server les cours, contactez Marc :<\/span><\/strong><\/p>\n<p><strong><span style=\"color: #000000;\">&#8211; par mel : onagolfacademie@gmail.com <\/span><\/strong><\/p>\n<p><strong><span style=\"color: #000000;\">ou<\/span><\/strong><\/p>\n<p><strong><span style=\"color: #000000;\">&#8211; par t\u00e9l\u00e9phone au : 06.11.74.17.08<\/span><\/strong>[\/vc_column_text][\/vc_column_inner][vc_column_inner width=&#8221;1\/4&#8243;][\/vc_column_inner][\/vc_row_inner][\/vc_column][\/vc_row]<\/p>\n","protected":false},"excerpt":{"rendered":"<p>[vc_row full_width=&#8221;stretch_row_content&#8221;][vc_column thsn-bg-color=&#8221;globalcolor&#8221;][vc_separator color=&#8221;custom&#8221; accent_color=&#8221;#d5b665&#8243;][vc_row_inner thsn-bg-image-position=&#8221;left-center&#8221; equal_height=&#8221;yes&#8221; content_placement=&#8221;middle&#8221;][vc_column_inner thsn-bg-image-position=&#8221;left-bottom&#8221; width=&#8221;1\/2&#8243;][vc_column_text] Les cours collectifs permettent de travailler diff\u00e9rents secteurs de jeu et d&#8217;aller parfois sur le parcours pour des mises en situation. &#8211; Dur\u00e9e 1h00 &#8211; Balles de practice incluses Cours DUO : 35\u20ac par personne ou un package valable 1 an de 12 s\u00e9ances \u00e0 [&hellip;]<\/p>\n","protected":false},"author":2,"featured_media":0,"parent":0,"menu_order":1,"comment_status":"closed","ping_status":"closed","template":"","meta":{"footnotes":""},"class_list":["post-15225","page","type-page","status-publish","hentry"],"yoast_head":"<!-- This site is optimized with the Yoast SEO plugin v15.8 - https:\/\/yoast.com\/wordpress\/plugins\/seo\/ -->\n<title>Cours collectifs - Ona Golf Acad\u00e9mie<\/title>\n<meta name=\"robots\" content=\"index, follow, max-snippet:-1, max-image-preview:large, max-video-preview:-1\" \/>\n<link rel=\"canonical\" href=\"https:\/\/onagolfacademie.fr\/index.php\/cours-collectifs\/\" \/>\n<meta property=\"og:locale\" content=\"fr_FR\" \/>\n<meta property=\"og:type\" content=\"article\" \/>\n<meta property=\"og:title\" content=\"Cours collectifs - Ona Golf Acad\u00e9mie\" \/>\n<meta property=\"og:description\" content=\"[vc_row full_width=&#8221;stretch_row_content&#8221;][vc_column thsn-bg-color=&#8221;globalcolor&#8221;][vc_separator color=&#8221;custom&#8221; accent_color=&#8221;#d5b665&#8243;][vc_row_inner thsn-bg-image-position=&#8221;left-center&#8221; equal_height=&#8221;yes&#8221; content_placement=&#8221;middle&#8221;][vc_column_inner thsn-bg-image-position=&#8221;left-bottom&#8221; width=&#8221;1\/2&#8243;][vc_column_text] Les cours collectifs permettent de travailler diff\u00e9rents secteurs de jeu et d&#8217;aller parfois sur le parcours pour des mises en situation. &#8211; Dur\u00e9e 1h00 &#8211; Balles de practice incluses Cours DUO : 35\u20ac par personne ou un package valable 1 an de 12 s\u00e9ances \u00e0 [&hellip;]\" \/>\n<meta property=\"og:url\" content=\"https:\/\/onagolfacademie.fr\/index.php\/cours-collectifs\/\" \/>\n<meta property=\"og:site_name\" content=\"Ona Golf Acad\u00e9mie\" \/>\n<meta property=\"article:publisher\" content=\"https:\/\/www.facebook.com\/profile.php?id=61561375646363\" \/>\n<meta property=\"article:modified_time\" content=\"2025-06-26T16:44:57+00:00\" \/>\n<meta name=\"twitter:card\" content=\"summary_large_image\" \/>\n<meta name=\"twitter:label1\" content=\"Dur\u00e9e de lecture est.\">\n\t<meta name=\"twitter:data1\" content=\"2 minutes\">\n<script type=\"application\/ld+json\" class=\"yoast-schema-graph\">{\"@context\":\"https:\/\/schema.org\",\"@graph\":[{\"@type\":\"WebSite\",\"@id\":\"https:\/\/onagolfacademie.fr\/#website\",\"url\":\"https:\/\/onagolfacademie.fr\/\",\"name\":\"Ona Golf Acad\\u00e9mie\",\"description\":\"Au service des golfeurs\",\"potentialAction\":[{\"@type\":\"SearchAction\",\"target\":\"https:\/\/onagolfacademie.fr\/?s={search_term_string}\",\"query-input\":\"required name=search_term_string\"}],\"inLanguage\":\"fr-FR\"},{\"@type\":\"WebPage\",\"@id\":\"https:\/\/onagolfacademie.fr\/index.php\/cours-collectifs\/#webpage\",\"url\":\"https:\/\/onagolfacademie.fr\/index.php\/cours-collectifs\/\",\"name\":\"Cours collectifs - Ona Golf Acad\\u00e9mie\",\"isPartOf\":{\"@id\":\"https:\/\/onagolfacademie.fr\/#website\"},\"datePublished\":\"2021-02-10T17:23:13+00:00\",\"dateModified\":\"2025-06-26T16:44:57+00:00\",\"breadcrumb\":{\"@id\":\"https:\/\/onagolfacademie.fr\/index.php\/cours-collectifs\/#breadcrumb\"},\"inLanguage\":\"fr-FR\",\"potentialAction\":[{\"@type\":\"ReadAction\",\"target\":[\"https:\/\/onagolfacademie.fr\/index.php\/cours-collectifs\/\"]}]},{\"@type\":\"BreadcrumbList\",\"@id\":\"https:\/\/onagolfacademie.fr\/index.php\/cours-collectifs\/#breadcrumb\",\"itemListElement\":[{\"@type\":\"ListItem\",\"position\":1,\"item\":{\"@type\":\"WebPage\",\"@id\":\"https:\/\/onagolfacademie.fr\/\",\"url\":\"https:\/\/onagolfacademie.fr\/\",\"name\":\"Accueil\"}},{\"@type\":\"ListItem\",\"position\":2,\"item\":{\"@type\":\"WebPage\",\"@id\":\"https:\/\/onagolfacademie.fr\/index.php\/cours-collectifs\/\",\"url\":\"https:\/\/onagolfacademie.fr\/index.php\/cours-collectifs\/\",\"name\":\"Cours collectifs\"}}]}]}<\/script>\n<!-- \/ Yoast SEO plugin. -->","_links":{"self":[{"href":"https:\/\/onagolfacademie.fr\/index.php\/wp-json\/wp\/v2\/pages\/15225","targetHints":{"allow":["GET"]}}],"collection":[{"href":"https:\/\/onagolfacademie.fr\/index.php\/wp-json\/wp\/v2\/pages"}],"about":[{"href":"https:\/\/onagolfacademie.fr\/index.php\/wp-json\/wp\/v2\/types\/page"}],"author":[{"embeddable":true,"href":"https:\/\/onagolfacademie.fr\/index.php\/wp-json\/wp\/v2\/users\/2"}],"replies":[{"embeddable":true,"href":"https:\/\/onagolfacademie.fr\/index.php\/wp-json\/wp\/v2\/comments?post=15225"}],"version-history":[{"count":33,"href":"https:\/\/onagolfacademie.fr\/index.php\/wp-json\/wp\/v2\/pages\/15225\/revisions"}],"predecessor-version":[{"id":16089,"href":"https:\/\/onagolfacademie.fr\/index.php\/wp-json\/wp\/v2\/pages\/15225\/revisions\/16089"}],"wp:attachment":[{"href":"https:\/\/onagolfacademie.fr\/index.php\/wp-json\/wp\/v2\/media?parent=15225"}],"curies":[{"name":"wp","href":"https:\/\/api.w.org\/{rel}","templated":true}]}}