{"id":15516,"date":"2021-03-23T17:34:53","date_gmt":"2021-03-23T16:34:53","guid":{"rendered":"https:\/\/onagolfacademie.fr\/?page_id=15516"},"modified":"2021-03-23T17:34:53","modified_gmt":"2021-03-23T16:34:53","slug":"mentions-legales","status":"publish","type":"page","link":"https:\/\/onagolfacademie.fr\/index.php\/mentions-legales\/","title":{"rendered":"Mentions L\u00e9gales"},"content":{"rendered":"<p>[vc_row][vc_column css=&#8221;.vc_custom_1612806911638{margin-top: 50px !important;}&#8221;][vc_separator color=&#8221;custom&#8221; border_width=&#8221;3&#8243; accent_color=&#8221;#d5b665&#8243;][\/vc_column][\/vc_row][vc_row thsn-bg-color=&#8221;globalcolor&#8221; full_width=&#8221;stretch_row_content&#8221;][vc_column][vc_column_text]ONA GOLF (Soci\u00e9t\u00e9 par Action Simplifi\u00e9e)<br \/>\n635 Route de Beauvoir<br \/>\n86550 Mignaloux-Beauvoir<br \/>\nCode APE 8551Z<br \/>\nN\u00b0 SIRET 89439122600012<br \/>\nN\u00b0 TVA FR42894391226<\/p>\n<p>Le site www.onagolfacademie.fr est h\u00e9berg\u00e9 par OVH (SAS au capital de 10 000 000 \u20ac)<br \/>\nRCS Roubaix \u2013 Tourcoing 424 761 419 00045<br \/>\nCode APE 6202A<br \/>\nN\u00b0 TVA : FR 22 424 761 419<br \/>\nSi\u00e8ge social : 2 rue Kellermann &#8211; 59100 Roubaix &#8211; France).[\/vc_column_text][vc_row_inner][vc_column_inner][vc_icon icon_fontawesome=&#8221;fas fa-golf-ball&#8221; color=&#8221;white&#8221; align=&#8221;center&#8221;][vc_column_text]<\/p>\n<p style=\"text-align: center;\"><a href=\"https:\/\/as-golf-poitiers-mignaloux.com\/\">AS Poitiers-Mignaloux<\/a> &#8211; <a href=\"https:\/\/golfmignaloux.fr\/\">Golf de Mignaloux<\/a> &#8211; <a href=\"https:\/\/www.ffgolf.org\/\">FFGolf<\/a> &#8211; <a href=\"https:\/\/www.ligue-golf-nouvelle-aquitaine.fr\/\">Ligue golf NA <\/a>&#8211; <a href=\"https:\/\/www.cdgolf86.fr\/\">CD golf 86<\/a><\/p>\n<p>[\/vc_column_text][\/vc_column_inner][\/vc_row_inner][\/vc_column][\/vc_row]<\/p>\n","protected":false},"excerpt":{"rendered":"<p>[vc_row][vc_column css=&#8221;.vc_custom_1612806911638{margin-top: 50px !important;}&#8221;][vc_separator color=&#8221;custom&#8221; border_width=&#8221;3&#8243; accent_color=&#8221;#d5b665&#8243;][\/vc_column][\/vc_row][vc_row thsn-bg-color=&#8221;globalcolor&#8221; full_width=&#8221;stretch_row_content&#8221;][vc_column][vc_column_text]ONA GOLF (Soci\u00e9t\u00e9 par Action Simplifi\u00e9e) 635 Route de Beauvoir 86550 Mignaloux-Beauvoir Code APE 8551Z N\u00b0 SIRET 89439122600012 N\u00b0 TVA FR42894391226 Le site www.onagolfacademie.fr est h\u00e9berg\u00e9 par OVH (SAS au capital de 10 000 000 \u20ac) RCS Roubaix \u2013 Tourcoing 424 761 419 00045 Code APE 6202A [&hellip;]<\/p>\n","protected":false},"author":2,"featured_media":0,"parent":0,"menu_order":1,"comment_status":"closed","ping_status":"closed","template":"","meta":{"footnotes":""},"class_list":["post-15516","page","type-page","status-publish","hentry"],"yoast_head":"<!-- This site is optimized with the Yoast SEO plugin v15.8 - https:\/\/yoast.com\/wordpress\/plugins\/seo\/ -->\n<title>Mentions L\u00e9gales - Ona Golf Acad\u00e9mie<\/title>\n<meta name=\"robots\" content=\"index, follow, max-snippet:-1, max-image-preview:large, max-video-preview:-1\" \/>\n<link rel=\"canonical\" href=\"https:\/\/onagolfacademie.fr\/index.php\/mentions-legales\/\" \/>\n<meta property=\"og:locale\" content=\"fr_FR\" \/>\n<meta property=\"og:type\" content=\"article\" \/>\n<meta property=\"og:title\" content=\"Mentions L\u00e9gales - Ona Golf Acad\u00e9mie\" \/>\n<meta property=\"og:description\" content=\"[vc_row][vc_column css=&#8221;.vc_custom_1612806911638{margin-top: 50px !important;}&#8221;][vc_separator color=&#8221;custom&#8221; border_width=&#8221;3&#8243; accent_color=&#8221;#d5b665&#8243;][\/vc_column][\/vc_row][vc_row thsn-bg-color=&#8221;globalcolor&#8221; full_width=&#8221;stretch_row_content&#8221;][vc_column][vc_column_text]ONA GOLF (Soci\u00e9t\u00e9 par Action Simplifi\u00e9e) 635 Route de Beauvoir 86550 Mignaloux-Beauvoir Code APE 8551Z N\u00b0 SIRET 89439122600012 N\u00b0 TVA FR42894391226 Le site www.onagolfacademie.fr est h\u00e9berg\u00e9 par OVH (SAS au capital de 10 000 000 \u20ac) RCS Roubaix \u2013 Tourcoing 424 761 419 00045 Code APE 6202A [&hellip;]\" \/>\n<meta property=\"og:url\" content=\"https:\/\/onagolfacademie.fr\/index.php\/mentions-legales\/\" \/>\n<meta property=\"og:site_name\" content=\"Ona Golf Acad\u00e9mie\" \/>\n<meta property=\"article:publisher\" content=\"https:\/\/www.facebook.com\/profile.php?id=61561375646363\" \/>\n<meta name=\"twitter:card\" content=\"summary_large_image\" \/>\n<meta name=\"twitter:label1\" content=\"Dur\u00e9e de lecture est.\">\n\t<meta name=\"twitter:data1\" content=\"1 minute\">\n<script type=\"application\/ld+json\" class=\"yoast-schema-graph\">{\"@context\":\"https:\/\/schema.org\",\"@graph\":[{\"@type\":\"WebSite\",\"@id\":\"https:\/\/onagolfacademie.fr\/#website\",\"url\":\"https:\/\/onagolfacademie.fr\/\",\"name\":\"Ona Golf Acad\\u00e9mie\",\"description\":\"Au service des golfeurs\",\"potentialAction\":[{\"@type\":\"SearchAction\",\"target\":\"https:\/\/onagolfacademie.fr\/?s={search_term_string}\",\"query-input\":\"required name=search_term_string\"}],\"inLanguage\":\"fr-FR\"},{\"@type\":\"WebPage\",\"@id\":\"https:\/\/onagolfacademie.fr\/index.php\/mentions-legales\/#webpage\",\"url\":\"https:\/\/onagolfacademie.fr\/index.php\/mentions-legales\/\",\"name\":\"Mentions L\\u00e9gales - Ona Golf Acad\\u00e9mie\",\"isPartOf\":{\"@id\":\"https:\/\/onagolfacademie.fr\/#website\"},\"datePublished\":\"2021-03-23T16:34:53+00:00\",\"dateModified\":\"2021-03-23T16:34:53+00:00\",\"breadcrumb\":{\"@id\":\"https:\/\/onagolfacademie.fr\/index.php\/mentions-legales\/#breadcrumb\"},\"inLanguage\":\"fr-FR\",\"potentialAction\":[{\"@type\":\"ReadAction\",\"target\":[\"https:\/\/onagolfacademie.fr\/index.php\/mentions-legales\/\"]}]},{\"@type\":\"BreadcrumbList\",\"@id\":\"https:\/\/onagolfacademie.fr\/index.php\/mentions-legales\/#breadcrumb\",\"itemListElement\":[{\"@type\":\"ListItem\",\"position\":1,\"item\":{\"@type\":\"WebPage\",\"@id\":\"https:\/\/onagolfacademie.fr\/\",\"url\":\"https:\/\/onagolfacademie.fr\/\",\"name\":\"Accueil\"}},{\"@type\":\"ListItem\",\"position\":2,\"item\":{\"@type\":\"WebPage\",\"@id\":\"https:\/\/onagolfacademie.fr\/index.php\/mentions-legales\/\",\"url\":\"https:\/\/onagolfacademie.fr\/index.php\/mentions-legales\/\",\"name\":\"Mentions L\\u00e9gales\"}}]}]}<\/script>\n<!-- \/ Yoast SEO plugin. -->","_links":{"self":[{"href":"https:\/\/onagolfacademie.fr\/index.php\/wp-json\/wp\/v2\/pages\/15516","targetHints":{"allow":["GET"]}}],"collection":[{"href":"https:\/\/onagolfacademie.fr\/index.php\/wp-json\/wp\/v2\/pages"}],"about":[{"href":"https:\/\/onagolfacademie.fr\/index.php\/wp-json\/wp\/v2\/types\/page"}],"author":[{"embeddable":true,"href":"https:\/\/onagolfacademie.fr\/index.php\/wp-json\/wp\/v2\/users\/2"}],"replies":[{"embeddable":true,"href":"https:\/\/onagolfacademie.fr\/index.php\/wp-json\/wp\/v2\/comments?post=15516"}],"version-history":[{"count":2,"href":"https:\/\/onagolfacademie.fr\/index.php\/wp-json\/wp\/v2\/pages\/15516\/revisions"}],"predecessor-version":[{"id":15518,"href":"https:\/\/onagolfacademie.fr\/index.php\/wp-json\/wp\/v2\/pages\/15516\/revisions\/15518"}],"wp:attachment":[{"href":"https:\/\/onagolfacademie.fr\/index.php\/wp-json\/wp\/v2\/media?parent=15516"}],"curies":[{"name":"wp","href":"https:\/\/api.w.org\/{rel}","templated":true}]}}